{"id":69,"date":"2024-07-03T14:42:26","date_gmt":"2024-07-03T12:42:26","guid":{"rendered":"https:\/\/mk.ordideclic-dev.fr\/?page_id=69"},"modified":"2024-07-05T15:16:35","modified_gmt":"2024-07-05T13:16:35","slug":"bio","status":"publish","type":"page","link":"https:\/\/mk.ordideclic-dev.fr\/index.php\/bio\/","title":{"rendered":"Bio"},"content":{"rendered":"<p>[et_pb_section fb_built=\u00a0\u00bb1&Prime; next_background_color=\u00a0\u00bb#ffffff\u00a0\u00bb _builder_version=\u00a0\u00bb4.25.2&Prime; _module_preset=\u00a0\u00bbdefault\u00a0\u00bb background_color=\u00a0\u00bbrgba(12,113,195,0.33)\u00a0\u00bb bottom_divider_style=\u00a0\u00bbramp2&Prime; global_colors_info=\u00a0\u00bb{}\u00a0\u00bb][et_pb_row _builder_version=\u00a0\u00bb4.25.2&Prime; _module_preset=\u00a0\u00bbdefault\u00a0\u00bb global_colors_info=\u00a0\u00bb{}\u00a0\u00bb][et_pb_column type=\u00a0\u00bb4_4&Prime; _builder_version=\u00a0\u00bb4.25.2&Prime; _module_preset=\u00a0\u00bbdefault\u00a0\u00bb global_colors_info=\u00a0\u00bb{}\u00a0\u00bb][et_pb_text _builder_version=\u00a0\u00bb4.25.2&Prime; _module_preset=\u00a0\u00bbdefault\u00a0\u00bb header_font=\u00a0\u00bbPoppins|600|||||||\u00a0\u00bb header_text_align=\u00a0\u00bbcenter\u00a0\u00bb header_text_color=\u00a0\u00bb#0c3fd6&Prime; header_font_size=\u00a0\u00bb48px\u00a0\u00bb global_colors_info=\u00a0\u00bb{}\u00a0\u00bb]<\/p>\n<h1>Biographie<\/h1>\n<p>[\/et_pb_text][\/et_pb_column][\/et_pb_row][\/et_pb_section][et_pb_section fb_built=\u00a0\u00bb1&Prime; _builder_version=\u00a0\u00bb4.25.2&Prime; _module_preset=\u00a0\u00bbdefault\u00a0\u00bb global_colors_info=\u00a0\u00bb{}\u00a0\u00bb][et_pb_row column_structure=\u00a0\u00bb1_2,1_2&Prime; _builder_version=\u00a0\u00bb4.25.2&Prime; _module_preset=\u00a0\u00bbdefault\u00a0\u00bb global_colors_info=\u00a0\u00bb{}\u00a0\u00bb][et_pb_column type=\u00a0\u00bb1_2&Prime; _builder_version=\u00a0\u00bb4.25.2&Prime; _module_preset=\u00a0\u00bbdefault\u00a0\u00bb global_colors_info=\u00a0\u00bb{}\u00a0\u00bb][et_pb_text _builder_version=\u00a0\u00bb4.25.2&Prime; _module_preset=\u00a0\u00bbdefault\u00a0\u00bb custom_padding=\u00a0\u00bb12px||||false|false\u00a0\u00bb global_colors_info=\u00a0\u00bb{}\u00a0\u00bb]<\/p>\n<p><strong>Mark Freuder Knopfler<\/strong> est n\u00e9 le 12 ao\u00fbt 1949 \u00e0 Glasgow (\u00c9cosse) d&rsquo;une m\u00e8re anglaise, Louisa Mary (n\u00e9e Laidler), et d&rsquo;un p\u00e8re hongrois, Erwin Knopfler3. Sa m\u00e8re \u00e9tait enseignante et son p\u00e8re architecte et joueur d&rsquo;\u00e9checs que ses sympathies antifascistes et son origine juive avaient contraint \u00e0 fuir sa Hongrie natale en 19394. Mark Knopfler a plus tard d\u00e9crit son p\u00e8re comme un agnostique marxiste. Il grandit \u00e0 Newcastle.<\/p>\n<p><em><strong>Mark Knopfler est auteur, compositeur, guitariste et chanteur.<\/strong><\/em><\/p>\n<p>Fondateur durant l&rsquo;\u00e9t\u00e9 1977, avec son fr\u00e8re David, du groupe <strong>Dire Straits<\/strong> \u2014 ce nom vient de l&rsquo;expression anglaise \u00ab to be in dire straits \u00bb, qui signifie \u00ab \u00eatre dans une situation d\u00e9sesp\u00e9r\u00e9e, dans la d\u00e8che \u00bb \u2014, il poursuit depuis 1996 une carri\u00e8re solo.<\/p>\n<p>[\/et_pb_text][\/et_pb_column][et_pb_column type=\u00a0\u00bb1_2&Prime; _builder_version=\u00a0\u00bb4.25.2&Prime; _module_preset=\u00a0\u00bbdefault\u00a0\u00bb global_colors_info=\u00a0\u00bb{}\u00a0\u00bb][et_pb_image src=\u00a0\u00bbhttps:\/\/mk.ordideclic-dev.fr\/wp-content\/uploads\/2024\/07\/51935fe845828595a5f06414cf9f311f345a54bf.jpg\u00a0\u00bb title_text=\u00a0\u00bbMark Knopfler\u00a0\u00bb _builder_version=\u00a0\u00bb4.25.2&Prime; _module_preset=\u00a0\u00bbdefault\u00a0\u00bb hover_enabled=\u00a0\u00bb0&Prime; box_shadow_style=\u00a0\u00bbpreset3&Prime; global_colors_info=\u00a0\u00bb{}\u00a0\u00bb align_last_edited=\u00a0\u00bbon|desktop\u00a0\u00bb align_tablet=\u00a0\u00bbcenter\u00a0\u00bb sticky_enabled=\u00a0\u00bb0&Prime; align_phone=\u00a0\u00bbcenter\u00a0\u00bb][\/et_pb_image][\/et_pb_column][\/et_pb_row][et_pb_row column_structure=\u00a0\u00bb1_2,1_2&Prime; _builder_version=\u00a0\u00bb4.25.2&Prime; _module_preset=\u00a0\u00bbdefault\u00a0\u00bb custom_margin=\u00a0\u00bb36px|auto||auto||\u00a0\u00bb global_colors_info=\u00a0\u00bb{}\u00a0\u00bb][et_pb_column type=\u00a0\u00bb1_2&Prime; _builder_version=\u00a0\u00bb4.25.2&Prime; _module_preset=\u00a0\u00bbdefault\u00a0\u00bb global_colors_info=\u00a0\u00bb{}\u00a0\u00bb][et_pb_image src=\u00a0\u00bbhttps:\/\/mk.ordideclic-dev.fr\/wp-content\/uploads\/2024\/07\/1900&#215;1900-000000-80-0-0.jpg\u00a0\u00bb title_text=\u00a0\u00bb1900&#215;1900-000000-80-0-0&Prime; align=\u00a0\u00bbcenter\u00a0\u00bb _builder_version=\u00a0\u00bb4.25.2&Prime; _module_preset=\u00a0\u00bbdefault\u00a0\u00bb transform_skew=\u00a0\u00bb-3deg|-3deg\u00a0\u00bb width=\u00a0\u00bb88%\u00a0\u00bb custom_padding=\u00a0\u00bb33px||||false|false\u00a0\u00bb hover_enabled=\u00a0\u00bb0&Prime; box_shadow_style=\u00a0\u00bbpreset4&Prime; global_colors_info=\u00a0\u00bb{}\u00a0\u00bb disabled_on=\u00a0\u00bbon|on|off\u00a0\u00bb sticky_enabled=\u00a0\u00bb0&Prime;][\/et_pb_image][\/et_pb_column][et_pb_column type=\u00a0\u00bb1_2&Prime; _builder_version=\u00a0\u00bb4.25.2&Prime; _module_preset=\u00a0\u00bbdefault\u00a0\u00bb global_colors_info=\u00a0\u00bb{}\u00a0\u00bb][et_pb_text _builder_version=\u00a0\u00bb4.25.2&Prime; _module_preset=\u00a0\u00bbdefault\u00a0\u00bb global_colors_info=\u00a0\u00bb{}\u00a0\u00bb]<\/p>\n<p>Alors que les ann\u00e9es 1980 sont marqu\u00e9es par l\u2019av\u00e8nement de grands groupes et \u00ab guitar heroes \u00bb caract\u00e9ris\u00e9s par leur r\u00f4le de superstar, Mark Knopfler se d\u00e9marque par sa tranquillit\u00e9 et sa s\u00e9r\u00e9nit\u00e9. Il sera d\u2019ailleurs surnomm\u00e9 <em><strong>l&rsquo;homme tranquille du rock<\/strong><\/em>.<\/p>\n<p>Ses m\u00e9lodies sont particuli\u00e8rement fines et adapt\u00e9es \u00e0 son style de guitare tr\u00e8s a\u00e9rien, un <em><strong>style blues-country-rock virtuose<\/strong><\/em> qui a pu \u00eatre compar\u00e9, \u00e0 ses d\u00e9buts, \u00e0 <strong>Bob Dylan<\/strong> et <strong>J.J. Cale<\/strong>1. Il utilise donc des techniques et des gammes sp\u00e9cifiques \u00e0 ces styles. Il emploie par exemple majoritairement la gamme pentatonique mineure ou majeure, issue du blues, qu\u2019il agr\u00e9mente souvent de gammes mineures ou majeures naturelles, pour offrir une couleur plus marqu\u00e9e et sophistiqu\u00e9e. Il utilise des techniques de jeu tels que des <em><strong>bends<\/strong><\/em>, des <em><strong>hammers\/pull-off<\/strong><\/em> ou du <em><strong>violoning<\/strong><\/em>, pour mettre en valeur son jeu plein de nuances, d\u2019expressivit\u00e9 et d\u2019\u00e9motion. De plus, son son de guitare est tr\u00e8s reconnaissable gr\u00e2ce \u00e0 sa technique de jeu en <em><strong>fingerpicking<\/strong><\/em> (cordes pinc\u00e9es). Enfin, il met un point d\u2019honneur \u00e0 soigner l\u2019enregistrement de chaque chanson avec divers instruments \u00e0 cordes, comme dans Brothers in Arms ou encore Tunnel of Love.<\/p>\n<p>L&rsquo;album <strong>Brothers in Arms<\/strong> est le <strong><em>premier de l&rsquo;histoire de la musique \u00e0 d\u00e9passer le million de Compact discs vendus<\/em><\/strong>. Mark Knopfler, avec Dire Straits et en solo, a vendu plus de 130 millions d&rsquo;albums.<\/p>\n<p>[\/et_pb_text][et_pb_image src=\u00a0\u00bbhttps:\/\/mk.ordideclic-dev.fr\/wp-content\/uploads\/2024\/07\/1900&#215;1900-000000-80-0-0.jpg\u00a0\u00bb title_text=\u00a0\u00bb1900&#215;1900-000000-80-0-0&Prime; align=\u00a0\u00bbcenter\u00a0\u00bb _builder_version=\u00a0\u00bb4.25.2&Prime; _module_preset=\u00a0\u00bbdefault\u00a0\u00bb transform_skew=\u00a0\u00bb-3deg|-3deg\u00a0\u00bb width=\u00a0\u00bb88%\u00a0\u00bb custom_padding=\u00a0\u00bb33px||||false|false\u00a0\u00bb hover_enabled=\u00a0\u00bb0&Prime; box_shadow_style=\u00a0\u00bbpreset4&Prime; global_colors_info=\u00a0\u00bb{}\u00a0\u00bb disabled_on=\u00a0\u00bboff|off|on\u00a0\u00bb sticky_enabled=\u00a0\u00bb0&Prime;][\/et_pb_image][\/et_pb_column][\/et_pb_row][\/et_pb_section]<\/p>\n","protected":false},"excerpt":{"rendered":"<p>BiographieMark Freuder Knopfler est n\u00e9 le 12 ao\u00fbt 1949 \u00e0 Glasgow (\u00c9cosse) d&rsquo;une m\u00e8re anglaise, Louisa Mary (n\u00e9e Laidler), et d&rsquo;un p\u00e8re hongrois, Erwin Knopfler3. Sa m\u00e8re \u00e9tait enseignante et son p\u00e8re architecte et joueur d&rsquo;\u00e9checs que ses sympathies antifascistes et son origine juive avaient contraint \u00e0 fuir sa Hongrie natale en 19394. Mark Knopfler [&hellip;]<\/p>\n","protected":false},"author":1,"featured_media":0,"parent":0,"menu_order":0,"comment_status":"closed","ping_status":"closed","template":"","meta":{"_et_pb_use_builder":"on","_et_pb_old_content":"","_et_gb_content_width":"","footnotes":""},"class_list":["post-69","page","type-page","status-publish","hentry"],"_links":{"self":[{"href":"https:\/\/mk.ordideclic-dev.fr\/index.php\/wp-json\/wp\/v2\/pages\/69","targetHints":{"allow":["GET"]}}],"collection":[{"href":"https:\/\/mk.ordideclic-dev.fr\/index.php\/wp-json\/wp\/v2\/pages"}],"about":[{"href":"https:\/\/mk.ordideclic-dev.fr\/index.php\/wp-json\/wp\/v2\/types\/page"}],"author":[{"embeddable":true,"href":"https:\/\/mk.ordideclic-dev.fr\/index.php\/wp-json\/wp\/v2\/users\/1"}],"replies":[{"embeddable":true,"href":"https:\/\/mk.ordideclic-dev.fr\/index.php\/wp-json\/wp\/v2\/comments?post=69"}],"version-history":[{"count":5,"href":"https:\/\/mk.ordideclic-dev.fr\/index.php\/wp-json\/wp\/v2\/pages\/69\/revisions"}],"predecessor-version":[{"id":149,"href":"https:\/\/mk.ordideclic-dev.fr\/index.php\/wp-json\/wp\/v2\/pages\/69\/revisions\/149"}],"wp:attachment":[{"href":"https:\/\/mk.ordideclic-dev.fr\/index.php\/wp-json\/wp\/v2\/media?parent=69"}],"curies":[{"name":"wp","href":"https:\/\/api.w.org\/{rel}","templated":true}]}}