{"id":7,"date":"2024-07-03T15:31:45","date_gmt":"2024-07-03T13:31:45","guid":{"rendered":"https:\/\/mk.ordideclic-dev.fr\/?page_id=7"},"modified":"2024-07-06T20:40:45","modified_gmt":"2024-07-06T18:40:45","slug":"accueil","status":"publish","type":"page","link":"https:\/\/mk.ordideclic-dev.fr\/","title":{"rendered":"Accueil"},"content":{"rendered":"<p>[et_pb_section fb_built=\u00a0\u00bb1&Prime; fullwidth=\u00a0\u00bbon\u00a0\u00bb _builder_version=\u00a0\u00bb4.25.2&Prime; _module_preset=\u00a0\u00bbdefault\u00a0\u00bb global_colors_info=\u00a0\u00bb{}\u00a0\u00bb][et_pb_fullwidth_header title=\u00a0\u00bbMark Knopfler\u00a0\u00bb subhead=\u00a0\u00bbLa force tranquille du rock\u00a0\u00bb text_orientation=\u00a0\u00bbright\u00a0\u00bb header_fullscreen=\u00a0\u00bbon\u00a0\u00bb header_scroll_down=\u00a0\u00bbon\u00a0\u00bb subhead_tablet=\u00a0\u00bbLa force tranquille du rock\u00a0\u00bb subhead_phone=\u00a0\u00bbLa force tranquille du rock\u00a0\u00bb subhead_last_edited=\u00a0\u00bbon|phone\u00a0\u00bb _builder_version=\u00a0\u00bb4.25.2&Prime; _module_preset=\u00a0\u00bbdefault\u00a0\u00bb title_font=\u00a0\u00bbPoppins|600|||||||\u00a0\u00bb title_text_color=\u00a0\u00bb#0c3fd6&Prime; title_font_size=\u00a0\u00bb70px\u00a0\u00bb subhead_font=\u00a0\u00bbPoppins|600|||||||\u00a0\u00bb subhead_text_color=\u00a0\u00bb#0c3fd6&Prime; subhead_font_size=\u00a0\u00bb27px\u00a0\u00bb subhead_line_height=\u00a0\u00bb1.4em\u00a0\u00bb background_image=\u00a0\u00bbhttps:\/\/mk.ordideclic-dev.fr\/wp-content\/uploads\/2024\/07\/104290566.webp\u00a0\u00bb custom_margin=\u00a0\u00bb0px||0px|0px|false|false\u00a0\u00bb custom_padding=\u00a0\u00bb25px||46px|0px|false|false\u00a0\u00bb hover_enabled=\u00a0\u00bb0&Prime; subhead_font_last_edited=\u00a0\u00bboff|phone\u00a0\u00bb subhead_text_color_tablet=\u00a0\u00bb#0c3fd6&Prime; subhead_text_color_phone=\u00a0\u00bb#e09900&Prime; subhead_text_color_last_edited=\u00a0\u00bbon|phone\u00a0\u00bb subhead_font_size_tablet=\u00a0\u00bb21px\u00a0\u00bb subhead_font_size_phone=\u00a0\u00bb21px\u00a0\u00bb subhead_font_size_last_edited=\u00a0\u00bbon|phone\u00a0\u00bb subhead_line_height_tablet=\u00a0\u00bb1.4em\u00a0\u00bb subhead_line_height_phone=\u00a0\u00bb1.4em\u00a0\u00bb subhead_line_height_last_edited=\u00a0\u00bbon|desktop\u00a0\u00bb subhead_text_shadow_style=\u00a0\u00bbpreset1&Prime; global_colors_info=\u00a0\u00bb{}\u00a0\u00bb sticky_enabled=\u00a0\u00bb0&Prime;][\/et_pb_fullwidth_header][\/et_pb_section][et_pb_section fb_built=\u00a0\u00bb1&Prime; _builder_version=\u00a0\u00bb4.25.2&Prime; _module_preset=\u00a0\u00bbdefault\u00a0\u00bb global_colors_info=\u00a0\u00bb{}\u00a0\u00bb][et_pb_row column_structure=\u00a0\u00bb1_2,1_2&Prime; _builder_version=\u00a0\u00bb4.25.2&Prime; _module_preset=\u00a0\u00bbdefault\u00a0\u00bb global_colors_info=\u00a0\u00bb{}\u00a0\u00bb][et_pb_column type=\u00a0\u00bb1_2&Prime; _builder_version=\u00a0\u00bb4.25.2&Prime; _module_preset=\u00a0\u00bbdefault\u00a0\u00bb global_colors_info=\u00a0\u00bb{}\u00a0\u00bb][et_pb_image src=\u00a0\u00bbhttps:\/\/mk.ordideclic-dev.fr\/wp-content\/uploads\/2024\/07\/2f42e2beb0fbcb89c73ceaf642ba8ef5.jpg\u00a0\u00bb title_text=\u00a0\u00bb2f42e2beb0fbcb89c73ceaf642ba8ef5&Prime; _builder_version=\u00a0\u00bb4.25.2&Prime; _module_preset=\u00a0\u00bbdefault\u00a0\u00bb hover_enabled=\u00a0\u00bb0&Prime; box_shadow_style=\u00a0\u00bbpreset3&Prime; global_colors_info=\u00a0\u00bb{}\u00a0\u00bb custom_padding=\u00a0\u00bb36px||36px||true|false\u00a0\u00bb sticky_enabled=\u00a0\u00bb0&Prime; align_last_edited=\u00a0\u00bbon|desktop\u00a0\u00bb align_tablet=\u00a0\u00bbcenter\u00a0\u00bb align_phone=\u00a0\u00bbcenter\u00a0\u00bb][\/et_pb_image][\/et_pb_column][et_pb_column type=\u00a0\u00bb1_2&Prime; _builder_version=\u00a0\u00bb4.25.2&Prime; _module_preset=\u00a0\u00bbdefault\u00a0\u00bb global_colors_info=\u00a0\u00bb{}\u00a0\u00bb][et_pb_blurb image=\u00a0\u00bbhttps:\/\/mk.ordideclic-dev.fr\/wp-content\/uploads\/2024\/07\/mark-knopfler-dire-straits-sheet-music-large-0d1f58.png\u00a0\u00bb _builder_version=\u00a0\u00bb4.25.2&Prime; _module_preset=\u00a0\u00bbdefault\u00a0\u00bb hover_enabled=\u00a0\u00bb0&Prime; global_colors_info=\u00a0\u00bb{}\u00a0\u00bb sticky_enabled=\u00a0\u00bb0&Prime;]<\/p>\n<p>Fondateur avec son fr\u00e8re David du groupe britannique <span style=\"color: #0000ff;\"><strong>Dire Straits<\/strong><\/span> en 1977 auquel on doit entre autres les albums <strong>Dire Straits<\/strong> (1978), <strong>Making Movies<\/strong> (1980) et surtout <strong>Brothers in Arms<\/strong> (1985), Mark Knopfler, surnomm\u00e9 la <em><strong>force tranquille du rock<\/strong><\/em>, est connu pour son talent de guitariste de rock classique, mais il est aussi producteur (<strong>Bob Dylan<\/strong>), chanteur, compositeur de musiques de films (The Princess Bride) et collaborateur de nombreux autres artistes (<strong>Tina Turner<\/strong>, <strong>Chet Atkins<\/strong>, <strong>Emmylou Harris<\/strong>, <strong>James Taylor<\/strong>, <strong>Randy Newman<\/strong>, <strong>Eric Clapton<\/strong>&#8230;).<\/p>\n<p>Son toucher de guitare, le \u00ab <em><strong>finger-picking<\/strong><\/em> \u00bb invent\u00e9 par les bluesmen et popularis\u00e9 par Chet Atkins a ainsi illumin\u00e9 nombre de productions de ces trente derni\u00e8res ann\u00e9es. Toujours suivi par son public, Mark Knopfler sort en 2012 <strong>Privateering<\/strong>, septi\u00e8me disque solo et premier double album d&rsquo;une carri\u00e8re solo plus qu&rsquo;honorable, suivi en 2015 par <strong>Tracker<\/strong>. L&rsquo;ann\u00e9e suivante para\u00eet la bande originale du film Altamira, compos\u00e9e avec la percussionniste <strong>Evelyn Gleenie<\/strong>. Il renoue \u00e0 cette occasion sa collaboration avec le producteur et clavi\u00e9riste Guy Fletcher, aux commandes de l&rsquo;album <strong>Down the Road Wherever<\/strong> (2018).<\/p>\n<p>[\/et_pb_blurb][\/et_pb_column][\/et_pb_row][\/et_pb_section]<\/p>\n","protected":false},"excerpt":{"rendered":"<p>Fondateur avec son fr\u00e8re David du groupe britannique Dire Straits en 1977 auquel on doit entre autres les albums Dire Straits (1978), Making Movies (1980) et surtout Brothers in Arms (1985), Mark Knopfler, surnomm\u00e9 la force tranquille du rock, est connu pour son talent de guitariste de rock classique, mais il est aussi producteur (Bob [&hellip;]<\/p>\n","protected":false},"author":1,"featured_media":0,"parent":0,"menu_order":0,"comment_status":"closed","ping_status":"closed","template":"","meta":{"_et_pb_use_builder":"on","_et_pb_old_content":"","_et_gb_content_width":"","footnotes":""},"class_list":["post-7","page","type-page","status-publish","hentry"],"_links":{"self":[{"href":"https:\/\/mk.ordideclic-dev.fr\/index.php\/wp-json\/wp\/v2\/pages\/7","targetHints":{"allow":["GET"]}}],"collection":[{"href":"https:\/\/mk.ordideclic-dev.fr\/index.php\/wp-json\/wp\/v2\/pages"}],"about":[{"href":"https:\/\/mk.ordideclic-dev.fr\/index.php\/wp-json\/wp\/v2\/types\/page"}],"author":[{"embeddable":true,"href":"https:\/\/mk.ordideclic-dev.fr\/index.php\/wp-json\/wp\/v2\/users\/1"}],"replies":[{"embeddable":true,"href":"https:\/\/mk.ordideclic-dev.fr\/index.php\/wp-json\/wp\/v2\/comments?post=7"}],"version-history":[{"count":15,"href":"https:\/\/mk.ordideclic-dev.fr\/index.php\/wp-json\/wp\/v2\/pages\/7\/revisions"}],"predecessor-version":[{"id":173,"href":"https:\/\/mk.ordideclic-dev.fr\/index.php\/wp-json\/wp\/v2\/pages\/7\/revisions\/173"}],"wp:attachment":[{"href":"https:\/\/mk.ordideclic-dev.fr\/index.php\/wp-json\/wp\/v2\/media?parent=7"}],"curies":[{"name":"wp","href":"https:\/\/api.w.org\/{rel}","templated":true}]}}