{"id":73,"date":"2024-07-03T14:43:17","date_gmt":"2024-07-03T12:43:17","guid":{"rendered":"https:\/\/mk.ordideclic-dev.fr\/?page_id=73"},"modified":"2024-07-03T16:15:33","modified_gmt":"2024-07-03T14:15:33","slug":"mentions-legales","status":"publish","type":"page","link":"https:\/\/mk.ordideclic-dev.fr\/index.php\/mentions-legales\/","title":{"rendered":"Mentions l\u00e9gales"},"content":{"rendered":"<p>[et_pb_section fb_built=\u00a0\u00bb1&Prime; theme_builder_area=\u00a0\u00bbpost_content\u00a0\u00bb _builder_version=\u00a0\u00bb4.25.2&Prime; _module_preset=\u00a0\u00bbdefault\u00a0\u00bb][et_pb_row _builder_version=\u00a0\u00bb4.25.2&Prime; _module_preset=\u00a0\u00bbdefault\u00a0\u00bb theme_builder_area=\u00a0\u00bbpost_content\u00a0\u00bb][et_pb_column _builder_version=\u00a0\u00bb4.25.2&Prime; _module_preset=\u00a0\u00bbdefault\u00a0\u00bb type=\u00a0\u00bb4_4&Prime; theme_builder_area=\u00a0\u00bbpost_content\u00a0\u00bb][et_pb_text _builder_version=\u00a0\u00bb4.25.2&Prime; _module_preset=\u00a0\u00bbdefault\u00a0\u00bb theme_builder_area=\u00a0\u00bbpost_content\u00a0\u00bb header_font=\u00a0\u00bbPoppins|600|||||||\u00a0\u00bb header_text_color=\u00a0\u00bb#0C71C3&Prime; hover_enabled=\u00a0\u00bb0&Prime; sticky_enabled=\u00a0\u00bb0&Prime;]<\/p>\n<h1 style=\"text-align: center;\">Mentions l\u00e9gales<\/h1>\n<p>[\/et_pb_text][et_pb_text _builder_version=\u00a0\u00bb4.25.2&Prime; _module_preset=\u00a0\u00bbdefault\u00a0\u00bb theme_builder_area=\u00a0\u00bbpost_content\u00a0\u00bb hover_enabled=\u00a0\u00bb0&Prime; sticky_enabled=\u00a0\u00bb0&Prime;]<\/p>\n<p>Conform\u00e9ment aux dispositions de l\u2019article 6 III 1\u00b0 de la loi n\u00b02004-575 du 21 juin 2004 pour la confiance dans l\u2019\u00e9conomie num\u00e9rique, nous vous informons que :<\/p>\n<p>Le site internet actuel est la propri\u00e9t\u00e9 de la soci\u00e9t\u00e9 <strong>NOM DE LA SOCI\u00c9T\u00c9,<\/strong> <strong>FORME JURIDIQUE <\/strong>\u00a0au capital de <strong>XXX<\/strong> euros, immatricul\u00e9e au Registre du commerce et des Soci\u00e9t\u00e9s\u00a0 num\u00e9ro<strong> XXXXXXXXX<\/strong>, le si\u00e8ge social de la soci\u00e9t\u00e9 se situe au<strong> ADRESSE DU SI\u00c8GE SOCIAL<\/strong><\/p>\n<p>\u00a0L\u2019adresse e-mail de contact officielle est <strong>ADRESSE MAIL<\/strong><\/p>\n<p>Les directeurs de la publication du site internet <strong>NOM DU SITE INTERNET<\/strong> sont<strong> NOM DU PR\u00c9SIDENT<\/strong> en qualit\u00e9 de Pr\u00e9sident, <strong>NOM DU SECR\u00c9TAIRE G\u00c9N\u00c9RAL<\/strong>\u00a0 en qualit\u00e9 de Secr\u00e9taire\u00a0 G\u00e9n\u00e9ral.<\/p>\n<p>L\u2019h\u00e9bergement du site internet est assur\u00e9e par la soci\u00e9t\u00e9 1&amp;1, dont le num\u00e9ro de SIRET est le <strong>XXXXXXX<\/strong><\/p>\n<p>Conform\u00e9ment aux dispositions de la loi n\u00b0 78-17 du 6 janvier 1978 relative \u00e0 l\u2019informatique, aux fichiers et aux libert\u00e9s, nous sommes dans l\u2019obligation de vous informer que:<\/p>\n<p>Les informations recueillies sur ce site internet par l\u2019interm\u00e9diaire\u00a0 sont enregistr\u00e9es dans une base de donn\u00e9e interne accessible uniquement par les \u00e9quipes de la soci\u00e9t\u00e9 <strong>NOM DE LA SOCI\u00c9T\u00c9<\/strong> nous permettant d\u2019assurer la gestion commerciale et client\u00e8le.<\/p>\n<p>Ces donn\u00e9es sont conserv\u00e9es pour une dur\u00e9e initiale de 3 ans.<\/p>\n<p>Vous pouvez exercer votre droit d\u2019acc\u00e8s \u00e0 vos donn\u00e9es personnelles ainsi que les faire rectifier en contactant le service commercial de <strong>NOM DE LA SOCI\u00c9T\u00c9<\/strong>, \u00e0 l\u2019adresse e-mail : <strong>ADRESSE MAIL<\/strong><\/p>\n<p>L\u2019ensemble des contenus de ce site Internet sont prot\u00e9g\u00e9s par des droits de propri\u00e9t\u00e9 intellectuelle appartenant \u00e0 la soci\u00e9t\u00e9 <strong>NOM DE LA SOCI\u00c9T\u00c9<\/strong>,. La reproduction, totale ou partielle, est strictement interdite sans autorisation pr\u00e9alable.<\/p>\n<p>[\/et_pb_text][\/et_pb_column][\/et_pb_row][\/et_pb_section]<\/p>\n","protected":false},"excerpt":{"rendered":"<p>Mentions l\u00e9galesConform\u00e9ment aux dispositions de l\u2019article 6 III 1\u00b0 de la loi n\u00b02004-575 du 21 juin 2004 pour la confiance dans l\u2019\u00e9conomie num\u00e9rique, nous vous informons que : Le site internet actuel est la propri\u00e9t\u00e9 de la soci\u00e9t\u00e9 NOM DE LA SOCI\u00c9T\u00c9, FORME JURIDIQUE \u00a0au capital de XXX euros, immatricul\u00e9e au Registre du commerce et [&hellip;]<\/p>\n","protected":false},"author":1,"featured_media":0,"parent":0,"menu_order":0,"comment_status":"closed","ping_status":"closed","template":"","meta":{"_et_pb_use_builder":"on","_et_pb_old_content":"","_et_gb_content_width":"","footnotes":""},"class_list":["post-73","page","type-page","status-publish","hentry"],"_links":{"self":[{"href":"https:\/\/mk.ordideclic-dev.fr\/index.php\/wp-json\/wp\/v2\/pages\/73","targetHints":{"allow":["GET"]}}],"collection":[{"href":"https:\/\/mk.ordideclic-dev.fr\/index.php\/wp-json\/wp\/v2\/pages"}],"about":[{"href":"https:\/\/mk.ordideclic-dev.fr\/index.php\/wp-json\/wp\/v2\/types\/page"}],"author":[{"embeddable":true,"href":"https:\/\/mk.ordideclic-dev.fr\/index.php\/wp-json\/wp\/v2\/users\/1"}],"replies":[{"embeddable":true,"href":"https:\/\/mk.ordideclic-dev.fr\/index.php\/wp-json\/wp\/v2\/comments?post=73"}],"version-history":[{"count":3,"href":"https:\/\/mk.ordideclic-dev.fr\/index.php\/wp-json\/wp\/v2\/pages\/73\/revisions"}],"predecessor-version":[{"id":103,"href":"https:\/\/mk.ordideclic-dev.fr\/index.php\/wp-json\/wp\/v2\/pages\/73\/revisions\/103"}],"wp:attachment":[{"href":"https:\/\/mk.ordideclic-dev.fr\/index.php\/wp-json\/wp\/v2\/media?parent=73"}],"curies":[{"name":"wp","href":"https:\/\/api.w.org\/{rel}","templated":true}]}}